{"id":110,"date":"2018-01-27T20:20:10","date_gmt":"2018-01-27T20:20:10","guid":{"rendered":"http:\/\/homepage.ffjuergensby.de\/?page_id=110"},"modified":"2018-01-27T20:20:48","modified_gmt":"2018-01-27T20:20:48","slug":"datenschutz","status":"publish","type":"page","link":"http:\/\/homepage.ffjuergensby.de\/?page_id=110","title":{"rendered":"Datenschutz"},"content":{"rendered":"<p style=\"text-align: justify;\"><strong><span style=\"text-decoration: underline;\">Gel\u00adtungs\u00adbere\u00adich<\/span><\/strong><\/p>\n<p style=\"text-align: justify;\"><strong>&nbsp;<\/strong><\/p>\n<p style=\"text-align: justify;\"><strong>Diese Daten\u00adschutzerk\u00adl\u00e4rung kl\u00e4rt Nutzer \u00fcber die Art, den Umfang und Zwecke der Erhe\u00adbung und Ver\u00adwen\u00addung per\u00adso\u00adn\u00aden\u00adbe\u00adzo\u00adgen\u00ader Dat\u00aden durch den ver\u00adant\u00adwortlichen Anbieter:<\/strong><\/p>\n<p style=\"text-align: justify;\"><strong>Frei\u00adwillige Feuer\u00adwehr Flensburg<\/strong><br>\n<strong> Orts\u00adfeuer\u00adwehr J\u00fcrgensby<\/strong><br>\n<strong> Bal\u00adlast\u00adbr\u00fccke&nbsp;1<\/strong><br>\n<strong> 24937 Flensburg<\/strong><\/p>\n<p style=\"text-align: justify;\"><strong>&nbsp;<\/strong><\/p>\n<p style=\"text-align: justify;\"><strong>0152 33797729<\/strong><\/p>\n<p style=\"text-align: justify;\"><strong>0461 851144 (<span class=\"caps\">AB<\/span>)<\/strong><\/p>\n<p style=\"text-align: justify;\"><strong><a href=\"mailto:wehrfuehrung@ffjuergensby.de\">wehrfuehrung@ffjuergensby.de<\/a><\/strong><\/p>\n<p style=\"text-align: justify;\"><strong>auf dieser Web\u00adsite (im fol\u00adgen\u00adden \u201cAnge\u00adbot\u201d)&nbsp;auf.<\/strong><\/p>\n<p style=\"text-align: justify;\"><strong>Die rechtlichen Grund\u00adla\u00adgen des Daten\u00adschutzes find\u00aden sich im Bun\u00addes\u00addaten\u00adschutzge\u00adsetz (<span class=\"caps\">BDSG<\/span>) und dem Teleme\u00addi\u00adenge\u00adsetz (<span class=\"caps\">TMG<\/span>).<\/strong><\/p>\n<p style=\"text-align: justify;\"><strong><!--more--><\/strong><\/p>\n<p style=\"text-align: justify;\"><strong><span style=\"text-decoration: underline;\">Zugriffsdaten\/ Serv\u00ader-Log\u00adfiles<\/span><\/strong><\/p>\n<p style=\"text-align: justify;\"><strong>&nbsp;<\/strong><\/p>\n<p style=\"text-align: justify;\"><strong><span class=\"sd-muster-content\">Der Anbi\u00adeter (beziehungsweise sein Web\u00adspace-Provider) erhebt Dat\u00aden \u00fcber jeden Zugriff auf das Ange\u00adbot (so genan\u00adnte Server\u00adlog\u00adfiles). Zu den Zugriffs\u00addat\u00aden geh\u00f6ren:<\/span><\/strong><\/p>\n<p style=\"text-align: justify;\"><strong>Name der abgerufe\u00adnen Web\u00adseite, Datei, Datum und Uhrzeit des Abrufs, \u00fcber\u00adtra\u00adgene Daten\u00admenge, Mel\u00addung \u00fcber erfol\u00adgre\u00adichen Abruf, Browser\u00adtyp neb\u00adst Ver\u00adsion, das Betrieb\u00adssys\u00adtem des Nutzers, Refer\u00adrer <span class=\"caps\">URL<\/span> (die zuvor besuchte Seite), IP-Adresse und der anfra\u00adgende Provider.<\/strong><\/p>\n<p style=\"text-align: justify;\"><strong>Der Anbi\u00adeter ver\u00adwen\u00addet die Pro\u00adtokoll\u00addat\u00aden nur f\u00fcr sta\u00adtis\u00adtis\u00adche Auswer\u00adtun\u00adgen zum Zweck des Betriebs, der Sicher\u00adheit und der Opti\u00admierung des Ange\u00adbotes. Der Anbi\u00adeter\u00adbe\u00adh\u00e4lt sich jedoch vor, die Pro\u00adtokoll\u00addat\u00aden nachtr\u00e4glich zu \u00fcber\u00adpr\u00fcfen, wenn auf\u00adgrund konkreter Anhalt\u00adspunk\u00adte der berechtigte Ver\u00addacht ein\u00ader rechtswidri\u00adgen Nutzung besteht.<\/strong><\/p>\n<p style=\"text-align: justify;\"><strong>&nbsp;<\/strong><\/p>\n<p style=\"text-align: justify;\"><strong><span style=\"text-decoration: underline;\">Umgang mit per\u00adso\u00adn\u00aden\u00adbe\u00adzo\u00adge\u00adnen&nbsp;Daten<\/span><\/strong><\/p>\n<p style=\"text-align: justify;\"><strong>&nbsp;<\/strong><\/p>\n<p style=\"text-align: justify;\"><strong><span class=\"sd-muster-content\">Per\u00adso\u00adn\u00aden\u00adbe\u00adzo\u00adgene Dat\u00aden sind Infor\u00adma\u00adtio\u00adnen, mit deren Hil\u00adfe eine Per\u00adson bes\u00adtimm\u00adbar ist, also Angaben, die zur\u00fcck zu ein\u00ader Per\u00adson ver\u00adfol\u00adgt wer\u00adden k\u00f6n\u00adnen. Dazu geh\u00f6ren der Name, die Emailadresse oder die Tele\u00adfon\u00adnum\u00admer. Aber auch Dat\u00aden \u00fcber Vor\u00adlieben, Hob\u00adbies, Mit\u00adglied\u00adschaften oder welche Web\u00adseit\u00aden von jeman\u00addem ange\u00adse\u00adhen wur\u00adden z\u00e4hlen zu per\u00adso\u00adn\u00aden\u00adbe\u00adzo\u00adge\u00adnen&nbsp;Daten.<\/span><\/strong><\/p>\n<p style=\"text-align: justify;\"><strong>Per\u00adso\u00adn\u00aden\u00adbe\u00adzo\u00adgene Dat\u00aden wer\u00adden von dem Anbi\u00adeter nur dann erhoben, genutzt und weit\u00ader gegeben, wenn dies geset\u00adzlich erlaubt ist oder die Nutzer in die Daten\u00ader\u00adhe\u00adbung einwilligen.<\/strong><\/p>\n<p style=\"text-align: justify;\"><strong>&nbsp;<\/strong><\/p>\n<p style=\"text-align: justify;\"><strong><span style=\"text-decoration: underline;\">Kon\u00adtak\u00adtauf\u00adnahme<\/span><\/strong><\/p>\n<p style=\"text-align: justify;\"><strong>&nbsp;<\/strong><\/p>\n<p style=\"text-align: justify;\"><strong><span class=\"sd-muster-content\">Bei der Kon\u00adtak\u00adtauf\u00adnahme mit dem Anbi\u00adeter (zum Beispiel per Kon\u00adtak\u00adt\u00adfor\u00admu\u00adlar oder E\u2011Mail) wer\u00adden die Angaben des Nutzers zwecks Bear\u00adbeitung der Anfrage sowie f\u00fcr den Fall, dass Anschlussfra\u00adgen entste\u00adhen, gespeichert.<\/span><\/strong><\/p>\n<p style=\"text-align: justify;\"><strong>&nbsp;<\/strong><\/p>\n<p style=\"text-align: justify;\"><strong><span style=\"text-decoration: underline;\">Kom\u00admentare und Beitr\u00e4ge<\/span><\/strong><\/p>\n<p style=\"text-align: justify;\"><strong>&nbsp;<\/strong><\/p>\n<p style=\"text-align: justify;\"><strong><span class=\"sd-muster-content\">Wenn Nutzer Kom\u00admentare im Blog oder son\u00adstige Beitr\u00e4ge hin\u00adter\u00adlassen, wer\u00adden ihre IP-Adressen gespe\u00adichert. Das erfol\u00adgt zur Sicher\u00adheit des Anbi\u00adeters, falls jemand in Kom\u00admentaren und Beitr\u00e4\u00adgen wider\u00adrechtliche Inhalte schreibt (Belei\u00addi\u00adgun\u00adgen, ver\u00adbotene poli\u00adtis\u00adche Pro\u00adpa\u00adgan\u00adda, etc.). In diesem Fall kann der Anbi\u00adeter selb\u00adst f\u00fcr den Kom\u00admen\u00adtar oder Beitrag belangt wer\u00adden und ist daher an der Iden\u00adtit\u00e4t des Ver\u00adfassers interessiert.<\/span><\/strong><\/p>\n<p style=\"text-align: justify;\"><strong>&nbsp;<\/strong><\/p>\n<p style=\"text-align: justify;\"><strong><span style=\"text-decoration: underline;\">Ein\u00adbindung von Dien\u00adsten und Inhal\u00adten Dritter<\/span><\/strong><\/p>\n<p style=\"text-align: justify;\"><strong>&nbsp;<\/strong><\/p>\n<p style=\"text-align: justify;\"><strong><span class=\"sd-muster-content\">Es kann vorkom\u00admen, dass inner\u00adhalb dieses Onlin\u00adeange\u00adbotes Inhalte Drit\u00adter, wie zum Beispiel Videos von YouTube, Karten\u00adma\u00adte\u00adr\u00adi\u00adal von Google-Maps, RSS-Feeds oder Grafiken von anderen Web\u00adseit\u00aden einge\u00adbun\u00adden wer\u00adden. Dies set\u00adzt immer voraus, dass die Anbi\u00adeter dieser Inhalte (nach\u00adfol\u00adgend beze\u00adich\u00adnet als \u201cDritt-Anbi\u00adeter\u201d) die IP-Adresse der Nutzer wahr nehmen. Denn ohne die IP-Adresse, k\u00f6n\u00adnten sie die Inhalte nicht an den Brows\u00ader des jew\u00adeili\u00adgen Nutzers senden. Die IP-Adresse ist damit f\u00fcr die Darstel\u00adlung dieser Inhalte erforder\u00adlich. Wir bem\u00fchen uns nur solche Inhalte zu ver\u00adwen\u00adden, deren jew\u00adeilige Anbi\u00adeter die IP-Adresse lediglich zur Aus\u00adliefer\u00adung der Inhalte ver\u00adwen\u00adden. Jedoch haben wir keinen Ein\u00adfluss darauf, falls die Dritt-Anbi\u00adeter die IP-Adresse z.B. f\u00fcr sta\u00adtis\u00adtis\u00adche Zwecke spe\u00adich\u00adern. Soweit dies uns bekan\u00adnt ist, kl\u00e4ren wir die Nutzer dar\u00fcber auf.<br>\n<\/span><\/strong><\/p>\n<p style=\"text-align: justify;\"><strong>&nbsp;<\/strong><\/p>\n<p style=\"text-align: justify;\"><strong><span style=\"text-decoration: underline;\">Cook\u00adies<\/span><\/strong><\/p>\n<p style=\"text-align: justify;\"><strong>&nbsp;<\/strong><\/p>\n<p style=\"text-align: justify;\"><strong><span class=\"sd-muster-content\">Cook\u00adies sind kleine Dateien, die es erm\u00f6glichen, auf dem Zugriff\u00ads\u00adger\u00e4t der Nutzer (<span class=\"caps\">PC<\/span>, Smart\u00adphone o.\u00e4.) spez\u00adi\u00adfis\u00adche, auf das Ger\u00e4t bezo\u00adgene Infor\u00adma\u00adtio\u00adnen zu spe\u00adich\u00adern. Sie dienen zum einem der Benutzer\u00adfre\u00adundlichkeit von Web\u00adseit\u00aden und damit den Nutzern (z.B. Spe\u00adicherung von Login\u00addat\u00aden). Zum anderen dienen sie, um die sta\u00adtis\u00adtis\u00adche Dat\u00aden der Web\u00adseiten\u00adnutzung zu erfassen und sie zwecks Verbesserung des Ange\u00adbotes analysieren zu k\u00f6n\u00adnen. Die Nutzer k\u00f6n\u00adnen auf den Ein\u00adsatz der Cook\u00adies Ein\u00adfluss nehmen. Die meis\u00adten Brows\u00ader ver\u00adf\u00fc\u00adgen eine Option mit der das Spe\u00adich\u00adern von Cook\u00adies eingeschr\u00e4nkt oder kom\u00adplett ver\u00adhin\u00addert wird. Allerd\u00adings wird darauf hingewiesen, dass die Nutzung und ins\u00adbeson\u00addere der Nutzungskom\u00adfort ohne Cook\u00adies eingeschr\u00e4nkt werden.<\/span><\/strong><\/p>\n<p style=\"text-align: justify;\"><strong>Sie k\u00f6n\u00adnen viele Online-Anzeigen-Cook\u00adies von Unternehmen \u00fcber die US-amerikanis\u00adche Seite <span class=\"sd-muster-content\"><a href=\"http:\/\/www.aboutads.info\/choices\/\">http:\/\/www.aboutads.info\/choices\/<\/a> oder die EU-Seite <\/span><span class=\"sd-muster-content\"><a href=\"http:\/\/www.youronlinechoices.com\/uk\/your-ad-choices\/\">http:\/\/www.youronlinechoices.com\/uk\/your-ad-choices\/ <\/a><\/span><span class=\"sd-muster-content\"> verwalten.<\/span><\/strong><\/p>\n<p style=\"text-align: justify;\"><strong>&nbsp;<\/strong><\/p>\n<p style=\"text-align: justify;\"><strong><span style=\"text-decoration: underline;\">Google Ana\u00adlyt\u00adics<\/span><\/strong><\/p>\n<p style=\"text-align: justify;\"><strong>&nbsp;<\/strong><\/p>\n<p style=\"text-align: justify;\"><strong><span class=\"sd-muster-content\">Dieses Ange\u00adbot benutzt Google Ana\u00adlyt\u00adics, einen Web\u00adanalyse\u00addi\u00adenst der Google Inc. (\u201eGoogle\u201c). Google Ana\u00adlyt\u00adics ver\u00adwen\u00addet sog. \u201eCook\u00adies\u201c, Text\u00addateien, die auf Com\u00adput\u00ader der Nutzer gespe\u00adichert wer\u00adden und die eine Analyse der Benutzung der Web\u00adsite durch sie erm\u00f6glichen. Die durch den Cook\u00adie erzeugten Infor\u00adma\u00adtio\u00adnen \u00fcber Benutzung dieser Web\u00adsite durch die Nutzer wer\u00adden in der Regel an einen Serv\u00ader von Google in den <span class=\"caps\">USA<\/span> \u00fcber\u00adtra\u00adgen und dort gespeichert.<\/span><\/strong><\/p>\n<p style=\"text-align: justify;\"><strong>Im Falle der Aktivierung der IP-Anonymisierung auf dieser Web\u00adseite, wird die IP-Adresse der Nutzer von Google jedoch inner\u00adhalb von Mit\u00adglied\u00adstaat\u00aden der Europ\u00e4is\u00adchen Union oder in anderen Ver\u00adtragsstaat\u00aden des Abkom\u00admens \u00fcber den Europ\u00e4is\u00adchen Wirtschaft\u00adsraum zuvor gek\u00fcrzt. Nur in Aus\u00adnah\u00adme\u00adf\u00e4llen wird die volle IP-Adresse an einen Serv\u00ader von Google in den <span class=\"caps\">USA<\/span> \u00fcber\u00adtra\u00adgen und dort gek\u00fcrzt. Die IP-Anonymisierung ist auf dieser Web\u00adsite aktiv. Im Auf\u00adtrag des Betreibers dieser Web\u00adsite wird Google diese Infor\u00adma\u00adtio\u00adnen benutzen, um die Nutzung der Web\u00adsite durch die Nutzer auszuw\u00aderten, um Reports \u00fcber die Web\u00adsiteak\u00adtiv\u00adit\u00e4ten zusam\u00admen\u00adzustellen und um weit\u00adere mit der Web\u00adsitenutzung und der Inter\u00adnet\u00adnutzung ver\u00adbun\u00addene Dien\u00adstleis\u00adtun\u00adgen gegen\u00fcber dem Web\u00adsite\u00adbe\u00adtreiber zu erbringen.<\/strong><\/p>\n<p style=\"text-align: justify;\"><strong>Die im Rah\u00admen von Google Ana\u00adlyt\u00adics von Ihrem Brows\u00ader \u00fcber\u00admit\u00adtelte IP-Adresse wird nicht mit anderen Dat\u00aden von Google zusam\u00admenge\u00adf\u00fchrt. Die Nutzer k\u00f6n\u00adnen die Spe\u00adicherung der Cook\u00adies durch eine entsprechende Ein\u00adstel\u00adlung Ihrer Brows\u00ader-Soft\u00adware ver\u00adhin\u00addern; Dieses Ange\u00adbot weist die Nutzer jedoch darauf hin, dass Sie in diesem Fall gegebe\u00adnen\u00adfalls nicht s\u00e4mtliche Funk\u00adtio\u00adnen dieser Web\u00adsite vol\u00adlum\u00adf\u00e4nglich wer\u00adden nutzen k\u00f6n\u00adnen. Die Nutzer k\u00f6n\u00adnen dar\u00fcber hin\u00adaus die Erfas\u00adsung der durch das Cook\u00adie erzeugten und auf ihre Nutzung der Web\u00adsite bezo\u00adge\u00adnen Dat\u00aden (inkl. Ihrer IP-Adresse) an Google sowie die Ver\u00adar\u00adbeitung dieser Dat\u00aden durch Google ver\u00adhin\u00addern, indem sie das unter dem fol\u00adgen\u00adden Link ver\u00adf\u00fcg\u00adbare Brows\u00ader-Plu\u00adg\u00adin herun\u00adter\u00adladen und instal\u00adlieren: <span class=\"sd-muster-content\"><a href=\"http:\/\/tools.google.com\/dlpage\/gaoptout?hl=de\">http:\/\/tools.google.com\/dlpage\/gaoptout?hl=de<\/a>.<\/span><\/strong><\/p>\n<p style=\"text-align: justify;\"><strong>Alter\u00adna\u00adtiv zum Brows\u00ader-Add-On oder inner\u00adhalb von Browsern auf mobilen Ger\u00e4ten, <span class=\"sd-muster-content\"><a id=\"GAOptOut\" title=\"Google Analytics Opt-Out-Cookie setzen\"><\/a>klick\u00aden Sie bitte diesen Link<\/span><span class=\"sd-muster-content\">, um die Erfas\u00adsung durch Google Ana\u00adlyt\u00adics inner\u00adhalb dieser Web\u00adsite zuk\u00fcn\u00adftig zu ver\u00adhin\u00addern. Dabei wird ein Opt-Out-Cook\u00adie auf Ihrem Ger\u00e4t abgelegt. L\u00f6schen Sie Ihre Cook\u00adies, m\u00fcssen Sie diesen Link erneut klicken.<br>\n<\/span><\/strong><\/p>\n<p style=\"text-align: justify;\"><strong>&nbsp;<\/strong><\/p>\n<p style=\"text-align: justify;\"><strong><span style=\"text-decoration: underline;\">Ver\u00adwen\u00addung von Face\u00adbook Social Plugins<\/span><\/strong><\/p>\n<p style=\"text-align: justify;\"><strong>&nbsp;<\/strong><\/p>\n<p style=\"text-align: justify;\"><strong><span class=\"sd-muster-content\">Dieses Ange\u00adbot ver\u00adwen\u00addet Social Plu\u00adg\u00adins (\u201cPlu\u00adg\u00adins\u201d) des sozialen Net\u00adzw\u00aderkes facebook.com, welch\u00ades von der Face\u00adbook Inc., 1601 S. Cal\u00adi\u00adfor\u00adnia Ave, Palo Alto, <span class=\"caps\">CA<\/span> 94304, <span class=\"caps\">USA<\/span> betrieben wird (\u201cFace\u00adbook\u201d). Die Plu\u00adg\u00adins sind an einem der Face\u00adbook Logos erkennbar (wei\u00dfes \u201ef\u201c auf blauer Kachel oder ein \u201eDau\u00admen hoch\u201c-Zeichen) oder sind mit dem Zusatz \u201cFace\u00adbook Social Plu\u00adg\u00adin\u201d gekennze\u00adich\u00adnet. Die Liste und das Ausse\u00adhen der Face\u00adbook Social Plu\u00adg\u00adins kann hier einge\u00adse\u00adhen wer\u00adden: <\/span><span class=\"sd-muster-content\"><a href=\"https:\/\/developers.facebook.com\/docs\/plugins\/\">https:\/\/developers.facebook.com\/docs\/plugins\/<\/a>.<\/span><\/strong><\/p>\n<p style=\"text-align: justify;\"><strong>Wenn ein Nutzer eine Web\u00adseite dieses Ange\u00adbots aufruft, die ein solch\u00ades Plu\u00adg\u00adin enth\u00e4lt, baut sein Brows\u00ader eine direk\u00adte Verbindung mit den Servern von Face\u00adbook auf. Der Inhalt des Plu\u00adg\u00adins wird von Face\u00adbook direkt an Ihren Brows\u00ader \u00fcber\u00admit\u00adtelt und von diesem in die Web\u00adseite einge\u00adbun\u00adden. Der Anbi\u00adeter hat daher keinen Ein\u00adfluss auf den Umfang der Dat\u00aden, die Face\u00adbook mit Hil\u00adfe dieses Plu\u00adg\u00adins erhebt und informiert die Nutzer daher entsprechend seinem <a href=\"http:\/\/www.facebook.com\/help\/?faq=17512\">Ken\u00adnt\u00adnis\u00adstand<\/a>:<\/strong><\/p>\n<p style=\"text-align: justify;\"><strong>Durch die Ein\u00adbindung der Plu\u00adg\u00adins erh\u00e4lt Face\u00adbook die Infor\u00adma\u00adtion, dass ein Nutzer die entsprechende Seite des Ange\u00adbots aufgerufen hat. Ist der Nutzer bei Face\u00adbook ein\u00adgel\u00adog\u00adgt, kann Face\u00adbook den Besuch seinem Face\u00adbook-Kon\u00adto zuord\u00adnen. Wenn Nutzer mit den Plu\u00adg\u00adins inter\u00adagieren, zum Beispiel den Like But\u00adton bet\u00e4ti\u00adgen oder einen Kom\u00admen\u00adtar abgeben, wird die entsprechende Infor\u00adma\u00adtion von Ihrem Brows\u00ader direkt an Face\u00adbook \u00fcber\u00admit\u00adtelt und dort gespe\u00adichert. Falls ein Nutzer kein Mit\u00adglied von Face\u00adbook ist, beste\u00adht trotz\u00addem die M\u00f6glichkeit, dass Face\u00adbook seine IP-Adresse in Erfahrung bringt und spe\u00adichert. Laut Face\u00adbook wird in Deutsch\u00adland nur eine anonymisierte IP-Adresse gespeichert.<\/strong><\/p>\n<p style=\"text-align: justify;\"><strong>Zweck und Umfang der Daten\u00ader\u00adhe\u00adbung und die weit\u00adere Ver\u00adar\u00adbeitung und Nutzung der Dat\u00aden durch Face\u00adbook sowie die dies\u00adbez\u00fcglichen Rechte und Ein\u00adstel\u00adlungsm\u00f6glichkeit\u00aden zum Schutz der Pri\u00advat\u00adsph\u00e4re der Nutzer , k\u00f6n\u00adnen diese den Daten\u00adschutzhin\u00adweisen von Face\u00adbook ent\u00adnehmen: <span class=\"sd-muster-content\"><a href=\"https:\/\/www.facebook.com\/about\/privacy\/\">https:\/\/www.facebook.com\/about\/privacy\/<\/a><\/span><span class=\"sd-muster-content\">.<\/span><\/strong><\/p>\n<p style=\"text-align: justify;\"><strong>Wenn ein Nutzer Face\u00adbook\u00admit\u00adglied ist und nicht m\u00f6chte, dass Face\u00adbook \u00fcber dieses Ange\u00adbot Dat\u00aden \u00fcber ihn sam\u00admelt und mit seinen bei Face\u00adbook gespe\u00adicherten Mit\u00adglieds\u00addat\u00aden verkn\u00fcpft, muss er sich vor dem Besuch des Inter\u00adne\u00adtauftritts bei Face\u00adbook ausloggen.<\/strong><\/p>\n<p style=\"text-align: justify;\"><strong>&nbsp;<\/strong><\/p>\n<p style=\"text-align: justify;\"><strong><span style=\"text-decoration: underline;\">Google AdSense<\/span><\/strong><\/p>\n<p style=\"text-align: justify;\"><strong>&nbsp;<\/strong><\/p>\n<p style=\"text-align: justify;\"><strong><span class=\"sd-muster-content\">Dieses Ange\u00adbot benutzt Google AdSense, einen Dienst zum Ein\u00adbinden von Wer\u00adbeanzeigen der Google Inc. (\u201cGoogle\u201d). Google AdSense ver\u00adwen\u00addet sog. \u201cCook\u00adies\u201d, Text\u00addateien, die auf dem Com\u00adput\u00ader der Nutzer gespe\u00adichert wer\u00adden und die eine Analyse der Benutzung der Web\u00adsite erm\u00f6glicht. Google AdSense ver\u00adwen\u00addet auch so genan\u00adnte Web Bea\u00adcons (unsicht\u00adbare Grafiken). Durch diese Web Bea\u00adcons k\u00f6n\u00adnen Infor\u00adma\u00adtio\u00adnen wie der Besucherverkehr auf den Seit\u00aden dieses Ange\u00adbots aus\u00adgew\u00adertet werden.<\/span><\/strong><\/p>\n<p style=\"text-align: justify;\"><strong>Die durch Cook\u00adies und Web Bea\u00adcons erzeugten Infor\u00adma\u00adtio\u00adnen \u00fcber die Benutzung dieser Web\u00adsite (ein\u00adschlie\u00dflich der IP-Adresse der Nutzer) und Aus\u00adliefer\u00adung von Wer\u00adbe\u00adfor\u00admat\u00aden wer\u00adden an einen Serv\u00ader von Google in den <span class=\"caps\">USA<\/span> \u00fcber\u00adtra\u00adgen und dort gespe\u00adichert. Diese Infor\u00adma\u00adtio\u00adnen k\u00f6n\u00adnen von Google an Ver\u00adtragspart\u00adner von Google weit\u00ader gegeben wer\u00adden. Google wird Ihre IP-Adresse jedoch nicht mit anderen von Ihnen gespe\u00adicherten Dat\u00aden zusammenf\u00fchren.<\/strong><\/p>\n<p style=\"text-align: justify;\"><strong>Die Nutzer k\u00f6n\u00adnen die Instal\u00adla\u00adtion der Cook\u00adies durch eine entsprechende Ein\u00adstel\u00adlung Ihrer Brows\u00ader Soft\u00adware ver\u00adhin\u00addern; der Anbi\u00adeter weist die Nutzer jedoch darauf hin, dass sie in diesem Fall gegebe\u00adnen\u00adfalls nicht s\u00e4mtliche Funk\u00adtio\u00adnen dieses Ange\u00adbotes voll umf\u00e4nglich nutzen k\u00f6n\u00adnen. Durch die Nutzung dieser Web\u00adsite erk\u00adl\u00e4ren die Nutzer sich mit der Bear\u00adbeitung der \u00fcber sie erhobe\u00adnen Dat\u00aden durch Google in der zuvor beschriebe\u00adnen Art und Weise und zu dem zuvor benan\u00adnten Zweck einverstanden.<\/strong><\/p>\n<p style=\"text-align: justify;\"><strong>&nbsp;<\/strong><\/p>\n<p style=\"text-align: justify;\"><strong><span style=\"text-decoration: underline;\">Wider\u00adruf, \u00c4nderun\u00adgen, Berich\u00adti\u00adgun\u00adgen und Aktualisierungen<\/span><\/strong><\/p>\n<p style=\"text-align: justify;\"><strong>&nbsp;<\/strong><\/p>\n<p style=\"text-align: justify;\"><strong>Der Nutzer hat das Recht, auf Antrag unent\u00adgeltlich Auskun\u00adft zu erhal\u00adten \u00fcber die per\u00adso\u00adn\u00aden\u00adbe\u00adzo\u00adge\u00adnen Dat\u00aden, die \u00fcber ihn gespe\u00adichert wur\u00adden. Zus\u00e4t\u00adzlich hat der Nutzer das Recht auf Berich\u00adti\u00adgung unrichtiger Dat\u00aden, Sper\u00adrung und L\u00f6schung sein\u00ader per\u00adso\u00adn\u00aden\u00adbe\u00adzo\u00adge\u00adnen Dat\u00aden, soweit dem keine geset\u00adzliche Auf\u00adbe\u00adwahrungspflicht entgegensteht.<\/strong><\/p>\n<p style=\"text-align: justify;\"><strong><span style=\"color: #000000;\"><a style=\"color: #000000;\" href=\"http:\/\/rechtsanwalt-schwenke.de\/smmr-buch\/datenschutz-muster-generator-fuer-webseiten-blogs-und-social-media\/\">Daten\u00adschutz-Muster von Recht\u00adsan\u00adwalt Thomas Schwenke \u2014 I <span class=\"caps\">LAW<\/span>&nbsp;it<\/a><\/span><\/strong><\/p>\n","protected":false},"excerpt":{"rendered":"<p>Gel\u00adtungs\u00adbere\u00adich &nbsp; Diese Daten\u00adschutzerk\u00adl\u00e4rung kl\u00e4rt Nutzer \u00fcber die Art, den Umfang und Zwecke der Erhe\u00adbung und Ver\u00adwen\u00addung per\u00adso\u00adn\u00aden\u00adbe\u00adzo\u00adgen\u00ader Dat\u00aden durch den ver\u00adant\u00adwortlichen Anbi\u00adeter: Frei\u00adwillige Feuer\u00adwehr Flens\u00adburg Orts\u00adfeuer\u00adwehr J\u00fcr\u00adgens\u00adby Bal\u00adlast\u00adbr\u00fccke&nbsp;1 24937 Flens\u00adburg &nbsp; 0152 33797729 0461 851144 (<span class=\"caps\">AB<\/span>) wehrfuehrung@ffjuergensby.de auf dieser Web\u00adsite (im fol\u00adgen\u00adden \u201cAnge\u00adbot\u201d)&nbsp;auf. Die rechtlichen Grund\u00adla\u00adgen des Daten\u00adschutzes find\u00aden sich im Bun\u00addes\u00addaten\u00adschutzge\u00adsetz (<span class=\"caps\">BDSG<\/span>) und dem Teleme\u00addi\u00adenge\u00adsetz (<span class=\"caps\">TMG<\/span>).<\/p>\n","protected":false},"author":1,"featured_media":0,"parent":0,"menu_order":0,"comment_status":"closed","ping_status":"closed","template":"","meta":{"wp_typography_post_enhancements_disabled":false,"footnotes":""},"class_list":["post-110","page","type-page","status-publish","hentry"],"_links":{"self":[{"href":"http:\/\/homepage.ffjuergensby.de\/index.php?rest_route=\/wp\/v2\/pages\/110","targetHints":{"allow":["GET"]}}],"collection":[{"href":"http:\/\/homepage.ffjuergensby.de\/index.php?rest_route=\/wp\/v2\/pages"}],"about":[{"href":"http:\/\/homepage.ffjuergensby.de\/index.php?rest_route=\/wp\/v2\/types\/page"}],"author":[{"embeddable":true,"href":"http:\/\/homepage.ffjuergensby.de\/index.php?rest_route=\/wp\/v2\/users\/1"}],"replies":[{"embeddable":true,"href":"http:\/\/homepage.ffjuergensby.de\/index.php?rest_route=%2Fwp%2Fv2%2Fcomments&post=110"}],"version-history":[{"count":2,"href":"http:\/\/homepage.ffjuergensby.de\/index.php?rest_route=\/wp\/v2\/pages\/110\/revisions"}],"predecessor-version":[{"id":114,"href":"http:\/\/homepage.ffjuergensby.de\/index.php?rest_route=\/wp\/v2\/pages\/110\/revisions\/114"}],"wp:attachment":[{"href":"http:\/\/homepage.ffjuergensby.de\/index.php?rest_route=%2Fwp%2Fv2%2Fmedia&parent=110"}],"curies":[{"name":"wp","href":"https:\/\/api.w.org\/{rel}","templated":true}]}}