{"id":34,"date":"2018-01-27T19:12:22","date_gmt":"2018-01-27T19:12:22","guid":{"rendered":"http:\/\/homepage.ffjuergensby.de\/?page_id=34"},"modified":"2021-03-30T17:53:57","modified_gmt":"2021-03-30T17:53:57","slug":"dienstplan","status":"publish","type":"page","link":"http:\/\/homepage.ffjuergensby.de\/?page_id=34","title":{"rendered":"Dienstplan"},"content":{"rendered":"<p><strong><span style=\"font-size: medium;\">Die Aus\u00adbil\u00addung auf Stan\u00addor\u00adtebene find\u00adet min\u00addestens drei mal monatlich \u2014 jew\u00adeils dien\u00adstags von 19.00&nbsp; bis&nbsp;22.00 Uhr \u2014 statt. F\u00fcr gr\u00f6\u00dfere Ein\u00adsatz\u00fcbun\u00adgen oder&nbsp;wehrin\u00adterne Fort\u00adbil\u00addun\u00adgen, wer\u00adden drei bis vier Mal j\u00e4hrlich, auch Sam\u00adstage einge\u00adplant. Jew\u00adeils&nbsp;ein\u00admal hal\u00adb\u00adj\u00e4hrlich wird eine Ein\u00adsatz\u00fcbung zusam\u00admen mit der Berufs\u00adfeuer\u00adwehr Flens\u00adburg durchgef\u00fchrt.<\/span><\/strong><\/p>\n<p><strong><span style=\"font-size: medium;\">Im Win\u00adter\u00adhal\u00adb\u00adjahr&nbsp;wer\u00adden die the\u00ado\u00adretis\u00adchen Ken\u00adnt\u00adnisse erweit\u00adert, im Som\u00admer\u00adhal\u00adb\u00adjahr wer\u00adden&nbsp;diese Ken\u00adnt\u00adnisse in die Prax\u00adis umgesetzt.<\/span><\/strong><\/p>\n<p><strong><span style=\"font-size: medium;\">Nat\u00fcr\u00adlich gibt es neben der&nbsp;st\u00e4ndi\u00adgen Aus- und Weit\u00ader\u00adbil\u00addung&nbsp;noch viele andere Verpflich\u00adtun\u00adgen, die eine Feuer\u00adwehr zu erf\u00fcllen hat.<\/span><\/strong><\/p>\n<p><strong><span style=\"font-size: medium;\">Um eine \u00dcber\u00adsicht unseres <span style=\"text-decoration: underline;\">aktuellen Dien\u00adst\u00adplans<\/span> zu erhal\u00adten, klick\u00aden Sie bitte auf&nbsp;das nach\u00adste\u00adhende Symbol.<\/span><\/strong><\/p>\n<div id=\"attachment_129\" style=\"width: 144px\" class=\"wp-caption aligncenter\"><a href=\"https:\/\/flensburg.fox112.de\/HomePageDienstplanFF.php?DIENSTPLAN=77633950&amp;HINTERGRUND=FFFFFF\"><img loading=\"lazy\" decoding=\"async\" aria-describedby=\"caption-attachment-129\" class=\"wp-image-129\" src=\"http:\/\/homepage.ffjuergensby.de\/wp-content\/uploads\/2018\/01\/bild-300x300.jpg\" alt width=\"134\" height=\"134\" srcset=\"http:\/\/homepage.ffjuergensby.de\/wp-content\/uploads\/2018\/01\/bild-300x300.jpg 300w, http:\/\/homepage.ffjuergensby.de\/wp-content\/uploads\/2018\/01\/bild-150x150.jpg 150w, http:\/\/homepage.ffjuergensby.de\/wp-content\/uploads\/2018\/01\/bild.jpg 600w\" sizes=\"auto, (max-width: 134px) 100vw, 134px\"><\/a><p id=\"caption-attachment-129\" class=\"wp-caption-text\">Aktueller Dien\u00adst\u00adplan<\/p><\/div>\n","protected":false},"excerpt":{"rendered":"<p>Die Aus\u00adbil\u00addung auf Stan\u00addor\u00adtebene find\u00adet min\u00addestens drei mal monatlich \u2014 jew\u00adeils dien\u00adstags von 19.00&nbsp; bis&nbsp;22.00 Uhr \u2014 statt. F\u00fcr gr\u00f6\u00dfere Ein\u00adsatz\u00fcbun\u00adgen oder&nbsp;wehrin\u00adterne Fort\u00adbil\u00addun\u00adgen, wer\u00adden drei bis vier Mal j\u00e4hrlich, auch Sam\u00adstage einge\u00adplant. Jew\u00adeils&nbsp;ein\u00admal hal\u00adb\u00adj\u00e4hrlich wird eine Ein\u00adsatz\u00fcbung zusam\u00admen mit der Berufs\u00adfeuer\u00adwehr Flens\u00adburg durchge\u00adf\u00fchrt. Im Win\u00adter\u00adhal\u00adb\u00adjahr&nbsp;wer\u00adden die the\u00ado\u00adretis\u00adchen Ken\u00adnt\u00adnisse erweit\u00adert, im Som\u00admer\u00adhal\u00adb\u00adjahr wer\u00adden&nbsp;diese Ken\u00adnt\u00adnisse in die Prax\u00adis umge\u00adset\u00adzt. Nat\u00fcr\u00adlich gibt es neben der&nbsp;st\u00e4ndi\u00adgen Aus- und Weit\u00ader\u00adbil\u00addung&nbsp;noch viele andere Verpflich\u00adtun\u00adgen, die eine Feuer\u00adwehr zu erf\u00fcllen hat. Um eine \u00dcber\u00adsicht unseres aktuellen Dienstplans<\/p>\n","protected":false},"author":1,"featured_media":0,"parent":0,"menu_order":0,"comment_status":"closed","ping_status":"closed","template":"","meta":{"wp_typography_post_enhancements_disabled":false,"footnotes":""},"class_list":["post-34","page","type-page","status-publish","hentry"],"_links":{"self":[{"href":"http:\/\/homepage.ffjuergensby.de\/index.php?rest_route=\/wp\/v2\/pages\/34","targetHints":{"allow":["GET"]}}],"collection":[{"href":"http:\/\/homepage.ffjuergensby.de\/index.php?rest_route=\/wp\/v2\/pages"}],"about":[{"href":"http:\/\/homepage.ffjuergensby.de\/index.php?rest_route=\/wp\/v2\/types\/page"}],"author":[{"embeddable":true,"href":"http:\/\/homepage.ffjuergensby.de\/index.php?rest_route=\/wp\/v2\/users\/1"}],"replies":[{"embeddable":true,"href":"http:\/\/homepage.ffjuergensby.de\/index.php?rest_route=%2Fwp%2Fv2%2Fcomments&post=34"}],"version-history":[{"count":8,"href":"http:\/\/homepage.ffjuergensby.de\/index.php?rest_route=\/wp\/v2\/pages\/34\/revisions"}],"predecessor-version":[{"id":270,"href":"http:\/\/homepage.ffjuergensby.de\/index.php?rest_route=\/wp\/v2\/pages\/34\/revisions\/270"}],"wp:attachment":[{"href":"http:\/\/homepage.ffjuergensby.de\/index.php?rest_route=%2Fwp%2Fv2%2Fmedia&parent=34"}],"curies":[{"name":"wp","href":"https:\/\/api.w.org\/{rel}","templated":true}]}}