{"id":54,"date":"2018-01-27T19:17:01","date_gmt":"2018-01-27T19:17:01","guid":{"rendered":"http:\/\/homepage.ffjuergensby.de\/?page_id=54"},"modified":"2025-10-23T10:14:57","modified_gmt":"2025-10-23T10:14:57","slug":"die-wache","status":"publish","type":"page","link":"http:\/\/homepage.ffjuergensby.de\/?page_id=54","title":{"rendered":"Die Liegenschaften"},"content":{"rendered":"<p>Die Regelung der Liegen\u00adschaften ist eine Beson\u00adder\u00adheit bei der Frei\u00adwilli\u00adgen Feuer\u00adwehr Flens\u00adburg-J\u00fcr\u00adgens\u00adby. Seit den Anf\u00e4n\u00adgen hat\u00adten wir immer zwei Liegen\u00adschaften. Zum einen das Ger\u00e4te\u00adhaus, in dem die Fahrzeuge untergestellt sind und von dem aus zu Ein\u00ads\u00e4tzen aus\u00adger\u00fcckt wird, und zum anderen die Wache, in der sich die Schu\u00adlungsr\u00e4ume befind\u00aden. Nach diversen Umz\u00fc\u00adgen vom Har\u00adniskai, der J\u00fcr\u00adgens\u00adgaarder Stra\u00dfe, Bis\u00admar\u00adck\u00adstra\u00dfe und Gl\u00fccks\u00adburg\u00ader Stra\u00dfe sind wir aktuell in der Wait\u00adzs\u00adtra\u00dfe und in der Schulze-Delitzsch-Stra\u00dfe vertreten. Aktuell wird jedoch ein Neubau geplant, in dem das Ger\u00e4te\u00adhaus und die Schu\u00adlungsr\u00e4ume erst\u00adma\u00adlig zusam\u00admenge\u00adf\u00fchrt wer\u00adden und wir nur noch eine Liegen\u00adschaft haben.<\/p>\n<p><strong>Die Wache: <\/strong><\/p>\n<p><strong><img loading=\"lazy\" decoding=\"async\" class=\"wp-image-1880 alignright\" src=\"http:\/\/homepage.ffjuergensby.de\/wp-content\/uploads\/2023\/06\/Wache.png\" alt width=\"277\" height=\"156\" srcset=\"http:\/\/homepage.ffjuergensby.de\/wp-content\/uploads\/2023\/06\/Wache.png 1050w, http:\/\/homepage.ffjuergensby.de\/wp-content\/uploads\/2023\/06\/Wache-300x169.png 300w, http:\/\/homepage.ffjuergensby.de\/wp-content\/uploads\/2023\/06\/Wache-1024x576.png 1024w, http:\/\/homepage.ffjuergensby.de\/wp-content\/uploads\/2023\/06\/Wache-768x432.png 768w, http:\/\/homepage.ffjuergensby.de\/wp-content\/uploads\/2023\/06\/Wache-375x210.png 375w\" sizes=\"auto, (max-width: 277px) 100vw, 277px\"><\/strong>In der Schulze-Delitzsch-Stra\u00dfe 2 befind\u00aden sich unsere Schu\u00adlungsr\u00e4ume. Hier haben wir einen alten Klassen\u00adraum zur Ver\u00adf\u00fc\u00adgung gestellt bekom\u00admen, den wir durch mod\u00aderne Pr\u00e4sen\u00adta\u00adtion\u00adstech\u00adniken und Mate\u00adri\u00adalien zu einem zeit\u00adgem\u00e4\u00dfen und gr\u00f6\u00dfen\u00adm\u00e4\u00dfig angemesse\u00adnen Schu\u00adlungsraum gestal\u00adten kon\u00adnten. Au\u00dfer\u00addem gibt es auf dem Gel\u00e4nde eine K\u00fcche, in der wir leckere Speisen f\u00fcr nach den Dienst vor\u00adbere\u00adit\u00aden k\u00f6n\u00adnen, einen Lager\u00adraum, Umk\u00adlei\u00adden f\u00fcr die Jugend\u00adfeuer\u00adwehr und ein B\u00fcro f\u00fcr die Ausbilder.<\/p>\n<p><strong>Das Ger\u00e4te\u00adhaus: <\/strong><\/p>\n<p>In der Wait\u00adzs\u00adtra\u00dfe 6 befind\u00adet sich unser Ger\u00e4te\u00adhaus. Im ehe\u00adma\u00adli\u00adgen Geb\u00e4ude der Bun\u00addeszen\u00adtral\u00adbank sind wir untergekom\u00admen. In der Liegen\u00adschaft wur\u00adden geschlechter\u00adgen\u00adtren\u00adnte Umk\u00adlei\u00adden im Rah\u00admen ein\u00ader Bau\u00adma\u00df\u00adnahme f\u00fcr uns herg\u00aderichtet.<strong><img loading=\"lazy\" decoding=\"async\" class=\"aligncenter size-full wp-image-1890\" src=\"http:\/\/homepage.ffjuergensby.de\/wp-content\/uploads\/2025\/10\/Unterkunft-Juergensby.jpg\" alt width=\"957\" height=\"471\" srcset=\"http:\/\/homepage.ffjuergensby.de\/wp-content\/uploads\/2025\/10\/Unterkunft-Juergensby.jpg 957w, http:\/\/homepage.ffjuergensby.de\/wp-content\/uploads\/2025\/10\/Unterkunft-Juergensby-300x148.jpg 300w, http:\/\/homepage.ffjuergensby.de\/wp-content\/uploads\/2025\/10\/Unterkunft-Juergensby-768x378.jpg 768w\" sizes=\"auto, (max-width: 957px) 100vw, 957px\"><\/strong>In unserem Ger\u00e4te\u00adhaus sind unsere Fahrzeuge und Ein\u00adsatzk\u00adlei\u00addung unterge\u00adbracht. Neben weit\u00aderen Lagerungsm\u00f6glichkeit\u00aden ver\u00adf\u00fc\u00adgen wir hier auch \u00fcber geeignete San\u00adit\u00e4ran\u00adla\u00adgen, um zu ver\u00adhin\u00addern, dass Ru\u00df\u00adpar\u00adtikel von Ein\u00ads\u00e4tzen mit nach Hause genom\u00admen werden.<\/p>\n<p><strong>&nbsp;<\/strong><\/p>\n<p style=\"text-align: justify;\">\n<\/p>","protected":false},"excerpt":{"rendered":"<p>Die Regelung der Liegen\u00adschaften ist eine Beson\u00adder\u00adheit bei der Frei\u00adwilli\u00adgen Feuer\u00adwehr Flen\u00ads\u00adburg-J\u00fcr\u00ad\u00adgen\u00ads\u00ad\u00adby. Seit den Anf\u00e4n\u00adgen hat\u00adten wir immer zwei Liegen\u00adschaften. Zum einen das Ger\u00e4te\u00adhaus, in dem die Fahrzeuge untergestellt sind und von dem aus zu Ein\u00ads\u00e4tzen aus\u00adger\u00fcckt wird, und zum anderen die Wache, in der sich die Schu\u00adlungsr\u00e4ume befind\u00aden. Nach diversen Umz\u00fc\u00adgen vom Har\u00adniskai, der J\u00fcr\u00adgens\u00adgaarder Stra\u00dfe, Bis\u00admar\u00adck\u00adstra\u00dfe und Gl\u00fccks\u00adburg\u00ader Stra\u00dfe sind wir aktuell in der Wait\u00adzs\u00adtra\u00dfe und in der Schulze-Delitzsch-Stra\u00dfe vertreten. Aktuell wird jedoch ein Neubau geplant, in&nbsp;dem<\/p>\n","protected":false},"author":1,"featured_media":0,"parent":0,"menu_order":0,"comment_status":"closed","ping_status":"closed","template":"","meta":{"wp_typography_post_enhancements_disabled":false,"footnotes":""},"class_list":["post-54","page","type-page","status-publish","hentry"],"_links":{"self":[{"href":"http:\/\/homepage.ffjuergensby.de\/index.php?rest_route=\/wp\/v2\/pages\/54","targetHints":{"allow":["GET"]}}],"collection":[{"href":"http:\/\/homepage.ffjuergensby.de\/index.php?rest_route=\/wp\/v2\/pages"}],"about":[{"href":"http:\/\/homepage.ffjuergensby.de\/index.php?rest_route=\/wp\/v2\/types\/page"}],"author":[{"embeddable":true,"href":"http:\/\/homepage.ffjuergensby.de\/index.php?rest_route=\/wp\/v2\/users\/1"}],"replies":[{"embeddable":true,"href":"http:\/\/homepage.ffjuergensby.de\/index.php?rest_route=%2Fwp%2Fv2%2Fcomments&post=54"}],"version-history":[{"count":9,"href":"http:\/\/homepage.ffjuergensby.de\/index.php?rest_route=\/wp\/v2\/pages\/54\/revisions"}],"predecessor-version":[{"id":1902,"href":"http:\/\/homepage.ffjuergensby.de\/index.php?rest_route=\/wp\/v2\/pages\/54\/revisions\/1902"}],"wp:attachment":[{"href":"http:\/\/homepage.ffjuergensby.de\/index.php?rest_route=%2Fwp%2Fv2%2Fmedia&parent=54"}],"curies":[{"name":"wp","href":"https:\/\/api.w.org\/{rel}","templated":true}]}}