{"id":58,"date":"2018-01-27T19:17:01","date_gmt":"2018-01-27T19:17:01","guid":{"rendered":"http:\/\/homepage.ffjuergensby.de\/?page_id=58"},"modified":"2018-01-28T11:25:11","modified_gmt":"2018-01-28T11:25:11","slug":"aus-und-fortbildung","status":"publish","type":"page","link":"http:\/\/homepage.ffjuergensby.de\/?page_id=58","title":{"rendered":"Aus- und Fortbildung"},"content":{"rendered":"<p style=\"text-align: justify;\"><strong><span style=\"font-family: Tahoma;\">Um f\u00fcr den Ein\u00adsatz\u00addi\u00adenst die erforder\u00adliche Kom\u00adpe\u00adtenz zu erhal\u00adten, bekom\u00admen alle aktiv\u00aden Feuer\u00adwehrmit\u00adglieder eine umfassende Aus\u00adbil\u00addung und eine per\u00adma\u00adnente Weiterbildung.<\/span><\/strong><\/p>\n<p style=\"text-align: justify;\"><strong><span style=\"font-family: Tahoma;\">Mit dem Ein\u00adstieg in der Ein\u00adsatz\u00adabteilung begin\u00adnen die Anw\u00e4rter(innen)&nbsp;mit der Feuer\u00adwehrgrun\u00addaus\u00adbil\u00addung, die in der Regel ein bis zwei Jahre umfasst und mit der Trup\u00adpaus\u00adbil\u00addung im Stadt\u00adfeuer\u00adwehrver\u00adband abschlie\u00dft. W\u00e4hrend dieser Zeit k\u00f6n\u00adnen (soll\u00adten) ver\u00adschiedene tech\u00adnis\u00adche Lehrg\u00e4nge absolviert wer\u00adden. Hierzu geh\u00f6ren&nbsp;z. B. der Sprechfunker\u2011, der Mas\u00adchin\u00adis\u00adten- und der Atemschutzger\u00e4tetr\u00e4gerlehrgang.<\/span><\/strong><\/p>\n<p style=\"text-align: justify;\"><strong>Nach ins\u00adge\u00adsamt zwei bis drei Jahren Mit\u00adglied\u00adschaft fol\u00adgt dann die Truppf\u00fchrungsaus\u00adbil\u00addung. Dieser Lehrgang bein\u00adhal\u00adtet 35 Stun\u00adden auf Stadtver\u00adband\u00adsebene. Mit diesem Lehrgang kann der Dien\u00adst\u00adgrad Haupt\u00adfeuer\u00adwehrman\u00adn\/-frau erre\u00adicht werden.<\/strong><\/p>\n<p style=\"text-align: justify;\"><strong>Mit dem Dien\u00adst\u00adgrad Haupt\u00adfeuer\u00adwehrman\u00adn\/-frau enden die so genan\u00adnten Mannschafts\u00addi\u00aden\u00adst\u00adgrade. Wer\u00adden F\u00fchrungspo\u00adsi\u00adtio\u00adnen angestrebt, m\u00fcssen weit\u00ader\u00adf\u00fchrende Lehrg\u00e4nge an der Lan\u00addes\u00adfeuer\u00adwehrschule Schleswig \u2014 Hol\u00adstein besucht wer\u00adden. Hierzu z\u00e4hlen die Lehrg\u00e4nge Gruppen\u2011, Zug- und&nbsp;Ver\u00adbands\u00adf\u00fchrung&nbsp;sowie Leit\u00aden ein\u00ader Feuerwehr.<\/strong><\/p>\n<p style=\"text-align: justify;\"><strong>W\u00e4hrend des gesamten Jahres wird die dien\u00adst\u00adplan\u00adm\u00e4\u00dfige Aus- und Fort\u00adbil\u00addung auf Stan\u00addor\u00adtebene ange\u00adboten. Die aktiv\u00aden Mit\u00adglieder m\u00fcssen gem\u00e4\u00df&nbsp;Feuer\u00adwehr\u00addi\u00aden\u00adstvorschrift 2 an min\u00addestens&nbsp;40 Aus- und Weit\u00ader\u00adbil\u00addungsstun\u00adden dort teil\u00adnehmen. Neben den w\u00f6chentlichen Schu\u00adlungs\u00addi\u00aden\u00adsten find\u00aden auch regelm\u00e4\u00dfige&nbsp;Ein\u00adsatz\u00fcbun\u00adgen&nbsp;statt.<\/strong><\/p>\n<p style=\"text-align: justify;\"><strong>Mit\u00adglieder die \u00fcber Son\u00adder\u00adfunk\u00adtio\u00adnen ver\u00adf\u00fc\u00adgen (z. B. Atem\u00adschutzger\u00e4tetr\u00e4ger) m\u00fcssen weit\u00aderge\u00adhende Nach\u00adweise \u00fcber die k\u00f6r\u00adper\u00adliche Fit\u00adness erbrin\u00adgen. Es erfol\u00adgt hier zus\u00e4t\u00adzlich die \u00e4rztliche Unter\u00adsuchung, der Durch\u00adgang in der Atem\u00adschutz\u00fcbungsstrecke sowie \u00dcbun\u00adgen unter Ein\u00adsatzbe\u00addin\u00adgun\u00adgen und der Besuch von Brand\u00fcbungscontainern.&nbsp;<\/strong><\/p>\n<p style=\"text-align: justify;\"><strong>Hier ler\u00adnen die jun\u00adgen Atem\u00adschutzger\u00e4tetr\u00e4ger\/-innen den erst\u00adma\u00adli\u00adgen Kon\u00adtakt mit W\u00e4rme und Feuer. Es kann hier simuliert wer\u00adden, wie das Feuer in speziellen Sit\u00adu\u00ada\u00adtio\u00adnen (z.B. Zugabe von Sauer\u00adstoff durch T\u00fcr\u00f6ff\u00adnung) reagiert. Des Weit\u00aderen wird hier die richtige Ein\u00adsatz\u00adtak\u00adtik, beim Vorge\u00adhen in Bran\u00addr\u00e4u\u00admen vermittelt.<\/strong><\/p>\n","protected":false},"excerpt":{"rendered":"<p>Um f\u00fcr den Ein\u00adsatz\u00addi\u00adenst die erforder\u00adliche Kom\u00adpe\u00adtenz zu erhal\u00adten, bekom\u00admen alle aktiv\u00aden Feuer\u00adwehrmit\u00adglieder eine umfassende Aus\u00adbil\u00addung und eine per\u00adma\u00adnente Weit\u00ader\u00adbil\u00addung. Mit dem Ein\u00adstieg in der Ein\u00adsatz\u00adabteilung begin\u00adnen die Anw\u00e4rter(innen)&nbsp;mit der Feuer\u00adwehrgrun\u00addaus\u00adbil\u00addung, die in der Regel ein bis zwei Jahre umfasst und mit der Trup\u00adpaus\u00adbil\u00addung im Stadt\u00adfeuer\u00adwehrver\u00adband abschlie\u00dft. W\u00e4hrend dieser Zeit k\u00f6n\u00adnen (soll\u00adten) ver\u00adschiedene tech\u00adnis\u00adche Lehrg\u00e4nge absolviert wer\u00adden. Hierzu geh\u00f6ren&nbsp;z. B. der Sprechfunker\u2011, der Mas\u00adch\u00adin\u00adis\u00adten- und der Atem\u00adschutzger\u00e4tetr\u00e4ger\u00adlehrgang. Nach ins\u00adge\u00adsamt zwei bis drei Jahren Mit\u00adglied\u00adschaft fol\u00adgt dann die Truppf\u00fchrungsaus\u00adbil\u00addung. Dieser Lehrgang<\/p>\n","protected":false},"author":1,"featured_media":0,"parent":0,"menu_order":0,"comment_status":"closed","ping_status":"closed","template":"","meta":{"wp_typography_post_enhancements_disabled":false,"footnotes":""},"class_list":["post-58","page","type-page","status-publish","hentry"],"_links":{"self":[{"href":"http:\/\/homepage.ffjuergensby.de\/index.php?rest_route=\/wp\/v2\/pages\/58","targetHints":{"allow":["GET"]}}],"collection":[{"href":"http:\/\/homepage.ffjuergensby.de\/index.php?rest_route=\/wp\/v2\/pages"}],"about":[{"href":"http:\/\/homepage.ffjuergensby.de\/index.php?rest_route=\/wp\/v2\/types\/page"}],"author":[{"embeddable":true,"href":"http:\/\/homepage.ffjuergensby.de\/index.php?rest_route=\/wp\/v2\/users\/1"}],"replies":[{"embeddable":true,"href":"http:\/\/homepage.ffjuergensby.de\/index.php?rest_route=%2Fwp%2Fv2%2Fcomments&post=58"}],"version-history":[{"count":3,"href":"http:\/\/homepage.ffjuergensby.de\/index.php?rest_route=\/wp\/v2\/pages\/58\/revisions"}],"predecessor-version":[{"id":161,"href":"http:\/\/homepage.ffjuergensby.de\/index.php?rest_route=\/wp\/v2\/pages\/58\/revisions\/161"}],"wp:attachment":[{"href":"http:\/\/homepage.ffjuergensby.de\/index.php?rest_route=%2Fwp%2Fv2%2Fmedia&parent=58"}],"curies":[{"name":"wp","href":"https:\/\/api.w.org\/{rel}","templated":true}]}}